{"id":144,"date":"2023-01-30T15:29:53","date_gmt":"2023-01-30T14:29:53","guid":{"rendered":"https:\/\/bourrelly.fr\/?page_id=144"},"modified":"2023-02-27T15:54:38","modified_gmt":"2023-02-27T14:54:38","slug":"debroussaillement","status":"publish","type":"page","link":"https:\/\/bourrelly.fr\/?page_id=144","title":{"rendered":"D\u00e9broussaillement &#8211; Fauchage"},"content":{"rendered":"\t\t<div data-elementor-type=\"wp-page\" data-elementor-id=\"144\" class=\"elementor elementor-144\">\n\t\t\t\t<div class=\"elementor-element elementor-element-d22873f e-flex e-con-boxed elementor-invisible e-con e-parent\" data-id=\"d22873f\" data-element_type=\"container\" data-settings=\"{&quot;animation&quot;:&quot;fadeInDown&quot;}\">\n\t\t\t\t\t<div class=\"e-con-inner\">\n\t\t\t\t<div class=\"elementor-element elementor-element-6cf4520 elementor-widget elementor-widget-text-editor\" data-id=\"6cf4520\" data-element_type=\"widget\" data-widget_type=\"text-editor.default\">\n\t\t\t\t\t\t\t\t\t<p>Les travaux de d\u00e9broussaillement et de fauchage permettent la viabilit\u00e9 des bords de route, des foss\u00e9s, des chemins, des talus, des espaces agricoles, des abords des canaux et des rivi\u00e8res&#8230; Le d\u00e9broussaillement est \u00e9galement une obligation l\u00e9gale respectant des consignes strictes et garantissant la s\u00e9curit\u00e9 des biens et des personnes.&nbsp;&nbsp;<\/p>\n<p>Vous \u00eates un particulier, une administration, une soci\u00e9t\u00e9 ou encore une r\u00e9sidence, nos \u00e9quipes de professionnels sont dispos\u00e9es \u00e0 vous apporter des solutions.&nbsp;<\/p>\n<p><\/p>\t\t\t\t\t\t\t\t<\/div>\n\t\t\t\t\t<\/div>\n\t\t\t\t<\/div>\n\t\t<div class=\"elementor-element elementor-element-f177895 e-flex e-con-boxed elementor-invisible e-con e-parent\" data-id=\"f177895\" data-element_type=\"container\" data-settings=\"{&quot;animation&quot;:&quot;fadeInDown&quot;}\">\n\t\t\t\t\t<div class=\"e-con-inner\">\n\t\t\t\t<div class=\"elementor-element elementor-element-8ed3243 elementor-widget elementor-widget-text-editor\" data-id=\"8ed3243\" data-element_type=\"widget\" data-widget_type=\"text-editor.default\">\n\t\t\t\t\t\t\t\t\t<p>Pour r\u00e9pondre \u00e0 vos besoins, nous proposons dans un premier temps une visite terrain afin de r\u00e9pondre \u00e0 vos attentes et de pouvoir estimer les moyens \u00e0 mettre en \u0153uvre en fonction des contraintes environnementales et techniques pr\u00e9sentes sur le site.<\/p>\n<p>Ensemble et selon les conditions m\u00e9t\u00e9orologiques, les p\u00e9riodes de nidifications de la faune pour la protection de la biodiversit\u00e9 ; nous planifions notre intervention.&nbsp;<\/p>\n<p>Nous r\u00e9alisons les travaux dans les d\u00e9lais d\u00e9finis d&rsquo;un commun accord.&nbsp;<\/p>\t\t\t\t\t\t\t\t<\/div>\n\t\t\t\t\t<\/div>\n\t\t\t\t<\/div>\n\t\t<div class=\"elementor-element elementor-element-39b0564 e-flex e-con-boxed elementor-invisible e-con e-parent\" data-id=\"39b0564\" data-element_type=\"container\" data-settings=\"{&quot;animation&quot;:&quot;fadeInLeft&quot;}\">\n\t\t\t\t\t<div class=\"e-con-inner\">\n\t\t\t\t<div class=\"elementor-element elementor-element-aaa7f54 elementor-arrows-position-inside elementor-pagination-position-outside elementor-widget elementor-widget-image-carousel\" data-id=\"aaa7f54\" data-element_type=\"widget\" data-settings=\"{&quot;slides_to_show&quot;:&quot;1&quot;,&quot;navigation&quot;:&quot;both&quot;,&quot;autoplay&quot;:&quot;yes&quot;,&quot;pause_on_hover&quot;:&quot;yes&quot;,&quot;pause_on_interaction&quot;:&quot;yes&quot;,&quot;autoplay_speed&quot;:5000,&quot;infinite&quot;:&quot;yes&quot;,&quot;effect&quot;:&quot;slide&quot;,&quot;speed&quot;:500}\" data-widget_type=\"image-carousel.default\">\n\t\t\t\t\t\t\t<div class=\"elementor-image-carousel-wrapper swiper\" role=\"region\" aria-roledescription=\"carousel\" aria-label=\"Carrousel d\u2019images\" dir=\"ltr\">\n\t\t\t<div class=\"elementor-image-carousel swiper-wrapper\" aria-live=\"off\">\n\t\t\t\t\t\t\t\t<div class=\"swiper-slide\" role=\"group\" aria-roledescription=\"slide\" aria-label=\"1 sur 6\"><figure class=\"swiper-slide-inner\"><img decoding=\"async\" class=\"swiper-slide-image\" src=\"https:\/\/i0.wp.com\/bourrelly.fr\/wp-content\/uploads\/2023\/02\/Avantapres-3.png?fit=576%2C1024&amp;ssl=1\" alt=\"Avantapr\u00e9s (3)\" \/><\/figure><\/div><div class=\"swiper-slide\" role=\"group\" aria-roledescription=\"slide\" aria-label=\"2 sur 6\"><figure class=\"swiper-slide-inner\"><img decoding=\"async\" class=\"swiper-slide-image\" src=\"https:\/\/i0.wp.com\/bourrelly.fr\/wp-content\/uploads\/2023\/02\/AvantApres-4.png?fit=576%2C1024&amp;ssl=1\" alt=\"AvantApr\u00e8s (4)\" \/><\/figure><\/div><div class=\"swiper-slide\" role=\"group\" aria-roledescription=\"slide\" aria-label=\"3 sur 6\"><figure class=\"swiper-slide-inner\"><img decoding=\"async\" class=\"swiper-slide-image\" src=\"https:\/\/i0.wp.com\/bourrelly.fr\/wp-content\/uploads\/2023\/02\/Avantapres-5.png?fit=576%2C1024&amp;ssl=1\" alt=\"Avantapr\u00e9s (5)\" \/><\/figure><\/div><div class=\"swiper-slide\" role=\"group\" aria-roledescription=\"slide\" aria-label=\"4 sur 6\"><figure class=\"swiper-slide-inner\"><img decoding=\"async\" class=\"swiper-slide-image\" src=\"https:\/\/i0.wp.com\/bourrelly.fr\/wp-content\/uploads\/2023\/02\/Avantapres.png?fit=576%2C1024&amp;ssl=1\" alt=\"Avantapr\u00e8s\" \/><\/figure><\/div><div class=\"swiper-slide\" role=\"group\" aria-roledescription=\"slide\" aria-label=\"5 sur 6\"><figure class=\"swiper-slide-inner\"><img decoding=\"async\" class=\"swiper-slide-image\" src=\"https:\/\/i0.wp.com\/bourrelly.fr\/wp-content\/uploads\/2023\/02\/AvantApres1-1.png?fit=576%2C1024&amp;ssl=1\" alt=\"AvantApr\u00e9s1 (1)\" \/><\/figure><\/div><div class=\"swiper-slide\" role=\"group\" aria-roledescription=\"slide\" aria-label=\"6 sur 6\"><figure class=\"swiper-slide-inner\"><img decoding=\"async\" class=\"swiper-slide-image\" src=\"https:\/\/i0.wp.com\/bourrelly.fr\/wp-content\/uploads\/2023\/02\/Avantapres2.png?fit=576%2C1024&amp;ssl=1\" alt=\"Avantapr\u00e9s2\" \/><\/figure><\/div>\t\t\t<\/div>\n\t\t\t\t\t\t\t\t\t\t\t\t<div class=\"elementor-swiper-button elementor-swiper-button-prev\" role=\"button\" tabindex=\"0\">\n\t\t\t\t\t\t<svg aria-hidden=\"true\" class=\"e-font-icon-svg e-eicon-chevron-left\" viewBox=\"0 0 1000 1000\" xmlns=\"http:\/\/www.w3.org\/2000\/svg\"><path d=\"M646 125C629 125 613 133 604 142L308 442C296 454 292 471 292 487 292 504 296 521 308 533L604 854C617 867 629 875 646 875 663 875 679 871 692 858 704 846 713 829 713 812 713 796 708 779 692 767L438 487 692 225C700 217 708 204 708 187 708 171 704 154 692 142 675 129 663 125 646 125Z\"><\/path><\/svg>\t\t\t\t\t<\/div>\n\t\t\t\t\t<div class=\"elementor-swiper-button elementor-swiper-button-next\" role=\"button\" tabindex=\"0\">\n\t\t\t\t\t\t<svg aria-hidden=\"true\" class=\"e-font-icon-svg e-eicon-chevron-right\" viewBox=\"0 0 1000 1000\" xmlns=\"http:\/\/www.w3.org\/2000\/svg\"><path d=\"M696 533C708 521 713 504 713 487 713 471 708 454 696 446L400 146C388 133 375 125 354 125 338 125 325 129 313 142 300 154 292 171 292 187 292 204 296 221 308 233L563 492 304 771C292 783 288 800 288 817 288 833 296 850 308 863 321 871 338 875 354 875 371 875 388 867 400 854L696 533Z\"><\/path><\/svg>\t\t\t\t\t<\/div>\n\t\t\t\t\n\t\t\t\t\t\t\t\t\t<div class=\"swiper-pagination\"><\/div>\n\t\t\t\t\t\t\t\t\t<\/div>\n\t\t\t\t\t\t<\/div>\n\t\t\t\t\t<\/div>\n\t\t\t\t<\/div>\n\t\t\t\t<\/div>\n\t\t","protected":false},"excerpt":{"rendered":"<p>Les travaux de d\u00e9broussaillement et de fauchage permettent la viabilit\u00e9 des bords de route, des foss\u00e9s, des chemins, des talus, des espaces agricoles, des abords des canaux et des rivi\u00e8res&#8230; Le d\u00e9broussaillement est \u00e9galement une obligation l\u00e9gale respectant des consignes strictes et garantissant la s\u00e9curit\u00e9 des biens et des personnes.&nbsp;&nbsp; Vous \u00eates un particulier, une &hellip; <a href=\"https:\/\/bourrelly.fr\/?page_id=144\" class=\"more-link\">Continuer la lecture de <span class=\"screen-reader-text\">D\u00e9broussaillement &#8211; Fauchage<\/span><\/a><\/p>\n","protected":false},"author":226563864,"featured_media":0,"parent":27,"menu_order":3,"comment_status":"closed","ping_status":"closed","template":"","meta":{"advanced_seo_description":"","jetpack_seo_html_title":"","jetpack_seo_noindex":false,"jetpack_post_was_ever_published":false,"footnotes":""},"class_list":["post-144","page","type-page","status-publish","hentry"],"jetpack_likes_enabled":true,"jetpack_sharing_enabled":true,"jetpack_shortlink":"https:\/\/wp.me\/PetP2x-2k","jetpack-related-posts":[],"_links":{"self":[{"href":"https:\/\/bourrelly.fr\/index.php?rest_route=\/wp\/v2\/pages\/144","targetHints":{"allow":["GET"]}}],"collection":[{"href":"https:\/\/bourrelly.fr\/index.php?rest_route=\/wp\/v2\/pages"}],"about":[{"href":"https:\/\/bourrelly.fr\/index.php?rest_route=\/wp\/v2\/types\/page"}],"author":[{"embeddable":true,"href":"https:\/\/bourrelly.fr\/index.php?rest_route=\/wp\/v2\/users\/226563864"}],"replies":[{"embeddable":true,"href":"https:\/\/bourrelly.fr\/index.php?rest_route=%2Fwp%2Fv2%2Fcomments&post=144"}],"version-history":[{"count":30,"href":"https:\/\/bourrelly.fr\/index.php?rest_route=\/wp\/v2\/pages\/144\/revisions"}],"predecessor-version":[{"id":752,"href":"https:\/\/bourrelly.fr\/index.php?rest_route=\/wp\/v2\/pages\/144\/revisions\/752"}],"up":[{"embeddable":true,"href":"https:\/\/bourrelly.fr\/index.php?rest_route=\/wp\/v2\/pages\/27"}],"wp:attachment":[{"href":"https:\/\/bourrelly.fr\/index.php?rest_route=%2Fwp%2Fv2%2Fmedia&parent=144"}],"curies":[{"name":"wp","href":"https:\/\/api.w.org\/{rel}","templated":true}]}}